{"id":100,"date":"2016-05-17T17:27:35","date_gmt":"2016-05-17T20:27:35","guid":{"rendered":"http:\/\/www.jaideresbell.com.br\/site\/?page_id=100"},"modified":"2016-05-17T17:32:18","modified_gmt":"2016-05-17T20:32:18","slug":"videos-04","status":"publish","type":"page","link":"http:\/\/www.jaideresbell.com.br\/site\/videos-04\/","title":{"rendered":"V\u00eddeos 04"},"content":{"rendered":"<p>O Artista Makuxi anuncia a edi\u00e7\u00e3o de um v\u00eddeo que registra uma oficina de m\u00fasica entre os \u00edndios na academia no contexto do desafio de harmonizar. Grupo Cruviana do Programa de Extens\u00e3o Anna Eserenk&#8217;a do Instituto Insikiran, coordenado pela professora Ise de Goreth da UFRR.<\/p>\n<p><iframe loading=\"lazy\" width=\"500\" height=\"281\" src=\"https:\/\/www.youtube.com\/embed\/jp-rZ8XLLx4?feature=oembed\" frameborder=\"0\" allowfullscreen><\/iframe><\/p>\n<p>&nbsp;<\/p>\n<hr \/>\n<p>2013. A fala do artista est\u00e1 bruta, sem edi\u00e7\u00e3o. Captada pelo fot\u00f3grafo Marcelo Camacho, \u00edndios vivem experi\u00eancias cruzadas de arte e realidades. Compromisso, lealdade, sa\u00fade nas rela\u00e7\u00f5es interculturais.<\/p>\n<p><iframe loading=\"lazy\" width=\"500\" height=\"281\" src=\"https:\/\/www.youtube.com\/embed\/fTIpM1jbL-U?feature=oembed\" frameborder=\"0\" allowfullscreen><\/iframe><\/p>\n<p>&nbsp;<\/p>\n<hr \/>\n<p>O v\u00eddeo mostra os ind\u00edgenas roraimenses atuando com arte. A extens\u00e3o maior da vida, o desafio da coletividade e das habilidades individuais no todo. Produto de esfor\u00e7os pares para um objetivo \u00fanico, passar acima de sentimentos dissonantes da vida e o respeito mutuo.<\/p>\n<p><iframe loading=\"lazy\" width=\"500\" height=\"281\" src=\"https:\/\/www.youtube.com\/embed\/LXAfCh4XA6Q?feature=oembed\" frameborder=\"0\" allowfullscreen><\/iframe><\/p>\n\t<div class=\"quickshare-container\">\r\n\t<ul class=\"quickshare-genericons monochrome quickshare-effect-spin quickshare-effect-expand\">\r\n\t\t<li class=\"quickshare-share\">Compartilhe:<\/li> \r\n\t\t<li><a href=\"https:\/\/facebook.com\/sharer.php?u=http%3A%2F%2Fwww.jaideresbell.com.br%2Fsite%2Fvideos-04%2F&amp;t=V%C3%ADdeos+04+<+JAIDER+ESBELL\" target=\"_blank\" title=\"Share on Facebook\"><span class=\"quickshare-facebook\">Facebook<\/span><\/a><\/li>\t\t<li><a href=\"https:\/\/twitter.com\/intent\/tweet?url=http%3A%2F%2Fwww.jaideresbell.com.br%2Fsite%2Fvideos-04%2F&amp;text=V%C3%ADdeos+04+<+JAIDER+ESBELL\" target=\"_blank\" title=\"Share on Twitter\"><span class=\"quickshare-twitter\">Twitter<\/span><\/a><\/li>\t\t\t\t<li><a href=\"http:\/\/linkedin.com\/shareArticle?mini=true&amp;url=http%3A%2F%2Fwww.jaideresbell.com.br%2Fsite%2Fvideos-04%2F&amp;title=V%C3%ADdeos+04&amp;source=JAIDER+ESBELL&amp;summary=O+Artista+Makuxi+anuncia+a+edi%C3%A7%C3%A3o+de+um+v%C3%ADdeo+que+registra+uma+oficina+de+m%C3%BAsica+entre+os+%C3%ADndios+na+academia+no+contexto+do+desafio+de+harmonizar.+Grupo+Cruviana+do+Programa+de+Extens%C3%A3o+Anna+Eserenk%27a+do+Instituto+Insikiran%2C+coordenado+pela+professora%26hellip%3B\" title=\"Share on Linkedin\" target=\"_blank\"><span class=\"quickshare-linkedin\">Linkedin<\/span><\/a><\/li>\t\t<li><a href=\"https:\/\/plus.google.com\/share?url=http%3A%2F%2Fwww.jaideresbell.com.br%2Fsite%2Fvideos-04%2F\" target=\"_blank\" title=\"Share on Google+\"><span class=\"quickshare-googleplus\">Google+<\/span><\/a><\/li>\t\t<li><a href=\"http:\/\/tumblr.com\/share\/link?url=http%3A%2F%2Fwww.jaideresbell.com.br%2Fsite%2Fvideos-04%2F&amp;name=V%C3%ADdeos+04+<+JAIDER+ESBELL&amp;description=O+Artista+Makuxi+anuncia+a+edi%C3%A7%C3%A3o+de+um+v%C3%ADdeo+que+registra+uma+oficina+de+m%C3%BAsica+entre+os+%C3%ADndios+na+academia+no+contexto+do+desafio+de+harmonizar.+Grupo+Cruviana+do+Programa+de+Extens%C3%A3o+Anna+Eserenk%27a+do+Instituto+Insikiran%2C+coordenado+pela+professora%26hellip%3B\" title=\"Share on Tumblr\" target=\"_blank\"><span class=\"quickshare-tumblr\">Tumblr<\/span><\/a><\/li>\t\t<li><a href=\"http:\/\/reddit.com\/submit?url=http%3A%2F%2Fwww.jaideresbell.com.br%2Fsite%2Fvideos-04%2F&amp;title=V%C3%ADdeos+04+<+JAIDER+ESBELL\" title=\"Submit to Reddit\" target=\"_blank\"><span class=\"quickshare-reddit\">Reddit<\/span><\/a><\/li>\t\t<li><a href=\"http:\/\/stumbleupon.com\/submit?url=http%3A%2F%2Fwww.jaideresbell.com.br%2Fsite%2Fvideos-04%2F&amp;title=V%C3%ADdeos+04+<+JAIDER+ESBELL\" target=\"_blank\" title=\"Share on StumbleUpon\"><span class=\"quickshare-stumbleupon\">Stumble Upon<\/span><\/a><\/li>\t\t\t<\/ul>\r\n\t<\/div>\r\n","protected":false},"excerpt":{"rendered":"<p>O Artista Makuxi anuncia a edi\u00e7\u00e3o de um v\u00eddeo que registra uma oficina de m\u00fasica entre os \u00edndios na academia no contexto do desafio de harmonizar. Grupo Cruviana do Programa de Extens\u00e3o Anna Eserenk&#8217;a do Instituto Insikiran, coordenado pela professora Ise de Goreth da UFRR. &nbsp; 2013. A fala do artista est\u00e1 bruta, sem edi\u00e7\u00e3o. [&hellip;]<\/p>\n","protected":false},"author":1,"featured_media":0,"parent":0,"menu_order":0,"comment_status":"closed","ping_status":"closed","template":"","meta":{"sfsi_plus_gutenberg_text_before_share":"","sfsi_plus_gutenberg_show_text_before_share":"","sfsi_plus_gutenberg_icon_type":"","sfsi_plus_gutenberg_icon_alignemt":"","sfsi_plus_gutenburg_max_per_row":"","footnotes":""},"_links":{"self":[{"href":"http:\/\/www.jaideresbell.com.br\/site\/wp-json\/wp\/v2\/pages\/100"}],"collection":[{"href":"http:\/\/www.jaideresbell.com.br\/site\/wp-json\/wp\/v2\/pages"}],"about":[{"href":"http:\/\/www.jaideresbell.com.br\/site\/wp-json\/wp\/v2\/types\/page"}],"author":[{"embeddable":true,"href":"http:\/\/www.jaideresbell.com.br\/site\/wp-json\/wp\/v2\/users\/1"}],"replies":[{"embeddable":true,"href":"http:\/\/www.jaideresbell.com.br\/site\/wp-json\/wp\/v2\/comments?post=100"}],"version-history":[{"count":3,"href":"http:\/\/www.jaideresbell.com.br\/site\/wp-json\/wp\/v2\/pages\/100\/revisions"}],"predecessor-version":[{"id":105,"href":"http:\/\/www.jaideresbell.com.br\/site\/wp-json\/wp\/v2\/pages\/100\/revisions\/105"}],"wp:attachment":[{"href":"http:\/\/www.jaideresbell.com.br\/site\/wp-json\/wp\/v2\/media?parent=100"}],"curies":[{"name":"wp","href":"https:\/\/api.w.org\/{rel}","templated":true}]}}