{"id":38,"date":"2016-05-16T22:53:33","date_gmt":"2016-05-17T01:53:33","guid":{"rendered":"http:\/\/www.jaideresbell.com.br\/site\/?page_id=38"},"modified":"2016-05-17T17:17:50","modified_gmt":"2016-05-17T20:17:50","slug":"videos","status":"publish","type":"page","link":"http:\/\/www.jaideresbell.com.br\/site\/videos\/","title":{"rendered":"V\u00eddeos 01"},"content":{"rendered":"<p>Filme document\u00e1rio de 15 minutos com imagens e falas dos artistas ind\u00edgenas na realiza\u00e7\u00e3o do I Encontro de Todos os Povos. Boa Vista-RR. Galeria Jaider Esbell e Shazan Produ\u00e7\u00f5es, UFRR.<\/p>\n<p><iframe loading=\"lazy\" width=\"500\" height=\"281\" src=\"https:\/\/www.youtube.com\/embed\/-_0lervRYkU?feature=oembed\" frameborder=\"0\" allowfullscreen><\/iframe><\/p>\n<p>&nbsp;<\/p>\n<hr \/>\n<p>Poemas sobre a variedade da natureza humana<\/p>\n<p><iframe loading=\"lazy\" width=\"500\" height=\"375\" src=\"https:\/\/www.youtube.com\/embed\/857rIry7OHM?feature=oembed\" frameborder=\"0\" allowfullscreen><\/iframe><\/p>\n<p>&nbsp;<\/p>\n<hr \/>\n<p>UM DOS PRIMEIROS TRABALHOS EM AUDIOVISUAL DO ARTISTA JAIDER ESBELL. Parceria com o produtor Ot\u00e1vio Coelho.<br \/>\nRegistro feito com celular na ponte de cesso \u00e0 Terra Ind\u00edgena Raposa &#8211; Serra do Sol, em Roraima.<\/p>\n<p><iframe loading=\"lazy\" width=\"500\" height=\"281\" src=\"https:\/\/www.youtube.com\/embed\/A8s2i08kQGY?feature=oembed\" frameborder=\"0\" allowfullscreen><\/iframe><\/p>\n<p>&nbsp;<\/p>\n\t<div class=\"quickshare-container\">\r\n\t<ul class=\"quickshare-genericons monochrome quickshare-effect-spin quickshare-effect-expand\">\r\n\t\t<li class=\"quickshare-share\">Compartilhe:<\/li> \r\n\t\t<li><a href=\"https:\/\/facebook.com\/sharer.php?u=http%3A%2F%2Fwww.jaideresbell.com.br%2Fsite%2Fvideos%2F&amp;t=V%C3%ADdeos+01+<+JAIDER+ESBELL\" target=\"_blank\" title=\"Share on Facebook\"><span class=\"quickshare-facebook\">Facebook<\/span><\/a><\/li>\t\t<li><a href=\"https:\/\/twitter.com\/intent\/tweet?url=http%3A%2F%2Fwww.jaideresbell.com.br%2Fsite%2Fvideos%2F&amp;text=V%C3%ADdeos+01+<+JAIDER+ESBELL\" target=\"_blank\" title=\"Share on Twitter\"><span class=\"quickshare-twitter\">Twitter<\/span><\/a><\/li>\t\t\t\t<li><a href=\"http:\/\/linkedin.com\/shareArticle?mini=true&amp;url=http%3A%2F%2Fwww.jaideresbell.com.br%2Fsite%2Fvideos%2F&amp;title=V%C3%ADdeos+01&amp;source=JAIDER+ESBELL&amp;summary=Filme+document%C3%A1rio+de+15+minutos+com+imagens+e+falas+dos+artistas+ind%C3%ADgenas+na+realiza%C3%A7%C3%A3o+do+I+Encontro+de+Todos+os+Povos.+Boa+Vista-RR.+Galeria+Jaider+Esbell+e+Shazan+Produ%C3%A7%C3%B5es%2C+UFRR.+https%3A%2F%2Fyoutu.be%2F-_0lervRYkU+%26nbsp%3B+Poemas+sobre+a+variedade+da+natureza+humana+https%3A%2F%2Fyoutu.be%2F857rIry7OHM%26hellip%3B\" title=\"Share on Linkedin\" target=\"_blank\"><span class=\"quickshare-linkedin\">Linkedin<\/span><\/a><\/li>\t\t<li><a href=\"https:\/\/plus.google.com\/share?url=http%3A%2F%2Fwww.jaideresbell.com.br%2Fsite%2Fvideos%2F\" target=\"_blank\" title=\"Share on Google+\"><span class=\"quickshare-googleplus\">Google+<\/span><\/a><\/li>\t\t<li><a href=\"http:\/\/tumblr.com\/share\/link?url=http%3A%2F%2Fwww.jaideresbell.com.br%2Fsite%2Fvideos%2F&amp;name=V%C3%ADdeos+01+<+JAIDER+ESBELL&amp;description=Filme+document%C3%A1rio+de+15+minutos+com+imagens+e+falas+dos+artistas+ind%C3%ADgenas+na+realiza%C3%A7%C3%A3o+do+I+Encontro+de+Todos+os+Povos.+Boa+Vista-RR.+Galeria+Jaider+Esbell+e+Shazan+Produ%C3%A7%C3%B5es%2C+UFRR.+https%3A%2F%2Fyoutu.be%2F-_0lervRYkU+%26nbsp%3B+Poemas+sobre+a+variedade+da+natureza+humana+https%3A%2F%2Fyoutu.be%2F857rIry7OHM%26hellip%3B\" title=\"Share on Tumblr\" target=\"_blank\"><span class=\"quickshare-tumblr\">Tumblr<\/span><\/a><\/li>\t\t<li><a href=\"http:\/\/reddit.com\/submit?url=http%3A%2F%2Fwww.jaideresbell.com.br%2Fsite%2Fvideos%2F&amp;title=V%C3%ADdeos+01+<+JAIDER+ESBELL\" title=\"Submit to Reddit\" target=\"_blank\"><span class=\"quickshare-reddit\">Reddit<\/span><\/a><\/li>\t\t<li><a href=\"http:\/\/stumbleupon.com\/submit?url=http%3A%2F%2Fwww.jaideresbell.com.br%2Fsite%2Fvideos%2F&amp;title=V%C3%ADdeos+01+<+JAIDER+ESBELL\" target=\"_blank\" title=\"Share on StumbleUpon\"><span class=\"quickshare-stumbleupon\">Stumble Upon<\/span><\/a><\/li>\t\t\t<\/ul>\r\n\t<\/div>\r\n","protected":false},"excerpt":{"rendered":"<p>Filme document\u00e1rio de 15 minutos com imagens e falas dos artistas ind\u00edgenas na realiza\u00e7\u00e3o do I Encontro de Todos os Povos. Boa Vista-RR. Galeria Jaider Esbell e Shazan Produ\u00e7\u00f5es, UFRR. &nbsp; Poemas sobre a variedade da natureza humana &nbsp; UM DOS PRIMEIROS TRABALHOS EM AUDIOVISUAL DO ARTISTA JAIDER ESBELL. Parceria com o produtor Ot\u00e1vio Coelho. [&hellip;]<\/p>\n","protected":false},"author":1,"featured_media":0,"parent":0,"menu_order":0,"comment_status":"closed","ping_status":"closed","template":"","meta":{"sfsi_plus_gutenberg_text_before_share":"","sfsi_plus_gutenberg_show_text_before_share":"","sfsi_plus_gutenberg_icon_type":"","sfsi_plus_gutenberg_icon_alignemt":"","sfsi_plus_gutenburg_max_per_row":"","footnotes":""},"_links":{"self":[{"href":"http:\/\/www.jaideresbell.com.br\/site\/wp-json\/wp\/v2\/pages\/38"}],"collection":[{"href":"http:\/\/www.jaideresbell.com.br\/site\/wp-json\/wp\/v2\/pages"}],"about":[{"href":"http:\/\/www.jaideresbell.com.br\/site\/wp-json\/wp\/v2\/types\/page"}],"author":[{"embeddable":true,"href":"http:\/\/www.jaideresbell.com.br\/site\/wp-json\/wp\/v2\/users\/1"}],"replies":[{"embeddable":true,"href":"http:\/\/www.jaideresbell.com.br\/site\/wp-json\/wp\/v2\/comments?post=38"}],"version-history":[{"count":7,"href":"http:\/\/www.jaideresbell.com.br\/site\/wp-json\/wp\/v2\/pages\/38\/revisions"}],"predecessor-version":[{"id":94,"href":"http:\/\/www.jaideresbell.com.br\/site\/wp-json\/wp\/v2\/pages\/38\/revisions\/94"}],"wp:attachment":[{"href":"http:\/\/www.jaideresbell.com.br\/site\/wp-json\/wp\/v2\/media?parent=38"}],"curies":[{"name":"wp","href":"https:\/\/api.w.org\/{rel}","templated":true}]}}