{"id":61,"date":"2016-05-17T02:10:15","date_gmt":"2016-05-17T05:10:15","guid":{"rendered":"http:\/\/www.jaideresbell.com.br\/site\/?page_id=61"},"modified":"2016-06-02T11:18:01","modified_gmt":"2016-06-02T14:18:01","slug":"sobre-o-artista","status":"publish","type":"page","link":"http:\/\/www.jaideresbell.com.br\/site\/sobre-o-artista\/","title":{"rendered":"Sobre o Artista"},"content":{"rendered":"<div id=\"attachment_77\" style=\"width: 210px\" class=\"wp-caption aligncenter\"><img loading=\"lazy\" decoding=\"async\" aria-describedby=\"caption-attachment-77\" class=\"wp-image-77 size-medium\" src=\"http:\/\/www.jaideresbell.com.br\/site\/wp-content\/uploads\/2016\/05\/103-200x300.jpg\" alt=\"103\" width=\"200\" height=\"300\" srcset=\"http:\/\/www.jaideresbell.com.br\/site\/wp-content\/uploads\/2016\/05\/103-200x300.jpg 200w, http:\/\/www.jaideresbell.com.br\/site\/wp-content\/uploads\/2016\/05\/103.jpg 517w\" sizes=\"(max-width: 200px) 100vw, 200px\" \/><p id=\"caption-attachment-77\" class=\"wp-caption-text\">Comunidade Maturuca &#8211; TI Raposa &#8211; Serra do Sol\/RR<\/p><\/div>\n<p style=\"text-align: justify;\">Jaider Esbell \u2013 * 1979<\/p>\n<p style=\"text-align: justify;\">Artista, escritor e produtor cultural ind\u00edgena da etnia Makuxi. Nasceu em Normandia, estado de Roraima, e viveu, at\u00e9 aos 18 anos, onde hoje \u00e9 a Terra Ind\u00edgena Raposa &#8211; Serra do Sol (TI Raposa &#8211; Serra do Sol). Antes de ser artista, habilidade descoberta na inf\u00e2ncia, Esbell percorreu diversos caminhos, acreditava, levariam \u00e0 plena condi\u00e7\u00e3o de manifestar suas habilidades. Deixou a casa dos pais e chegou na capital Boa Vista com o Ensino M\u00e9dio conclu\u00eddo. Como todo adolescente ind\u00edgena, fez contatos pares com vilas, cidades e aldeias.<\/p>\n<p style=\"text-align: justify;\">Esbell sempre se encheu de misturas e, com habilidades aprimoradas na escola e viv\u00eancias plurais no grande palco da vida roraimense, articulou-se, e, na capital, logo estava trabalhando como auxiliar t\u00e9cnico numa estatal. Trabalhou para sobreviver na capital por 8 meses. Em seguida, Esbell fez concurso p\u00fablico para uma vaga de eletricista de linha de transmiss\u00e3o. Trabalhava o dia todo e estudava \u00e0 noite por conta pr\u00f3pria na biblioteca p\u00fablica. Aprovado em concurso federal, Esbell parte em viagem para fora do estado. A profiss\u00e3o ainda n\u00e3o estava conquistada, precisaria de treinamento rigoroso para altas habilidades. Aprovado em todos os testes, \u00e9 efetivado aos 19 anos como eletricista de linha de transmiss\u00e3o. Nessa fun\u00e7\u00e3o permanece at\u00e9 2013. Como empregado da Eletrobras, desenvolve diversas atividades al\u00e9m de suas fun\u00e7\u00f5es. Realiza a\u00e7\u00f5es de educa\u00e7\u00e3o ambiental, atividades socioculturais, participa em pesquisas e faz contatos bilaterais empresa\/comunidades ind\u00edgenas. Na Eletrobras alcan\u00e7a o topo da carreira para sua fun\u00e7\u00e3o, recebe diversos pr\u00eamios e faz est\u00f3ria positiva em toda a rede da estatal.<\/p>\n<p style=\"text-align: justify;\">Esbell, enquanto trabalha, faz vestibular, \u00e0 \u00e9poca n\u00e3o havia cotas para ind\u00edgenas, \u00e9 aprovado e conclui o Curso de Geografia em 2007. Ao longo de sua vida, Esbell sempre escreveu e desenhou, sempre acreditou e trabalhou para criar condi\u00e7\u00f5es ideais para manifestar suas habilidades de artista. Em 2010 inscreve-se pela primeira vez em um edital de literatura, Bolsa Funarte de Cria\u00e7\u00e3o Liter\u00e1ria \u2013 programa do Minist\u00e9rio da Cultura para apoiar financeiramente novos escritores. Esbell leva para Roraima uma das bolsas e lan\u00e7a no ano de 2012 o seu primeiro livro, <em>Terreiro de Makunaima &#8211; Mitos , lendas e est\u00f3rias em viv\u00eancias<\/em>.<\/p>\n<p style=\"text-align: justify;\">Esbell, no ano seguinte, come\u00e7a a pintar e, desde ent\u00e3o, s\u00e3o v\u00e1rias exposi\u00e7\u00f5es coletivas, viagens, inclusive para a Europa, faz itiner\u00e2ncias, escreve outros livros, artigos, produz rico material art\u00edstico e distribui nas mais variadas m\u00eddias. Em 2013 \u00e9 convidado para expor e dar aulas nos Estados Unidos, (Pitzer College). Vai, desliga-se provisoriamente da Eletrobras. Permanece, por l\u00e1, 8 meses. Antes de ir ao exterior Esbell articula o Encontro de Todos os Povos (pesquise na internet) e participa da Exposi\u00e7\u00e3o Coletiva e Latinoamer\u00edndia MIRA \u2013 Artes Visuais Contempor\u00e2neas dos Povos Ind\u00edgenas, UFMG 2013.<\/p>\n<p style=\"text-align: justify;\">O artista colabora com obras e testemunhos de vivencias coletivas com a arte ind\u00edgena contempor\u00e2nea realizadas em Roraima, fruto de articula\u00e7\u00e3o entre artistas, artes\u00e3os, lideran\u00e7as, comunidades e a sociedade em geral em torno do tema. O resultado \u00e9 o aquecimento da cena cultural local e, como demanda, abre seu ateli\u00ea, que denomina <em>Galeria de Arte Ind\u00edgena Contempor\u00e2nea<\/em>, com abertura para a coletividade e a presta\u00e7\u00e3o de servi\u00e7os culturais, sem ser empresa ou ONG, incluindo no portf\u00f3lio forma\u00e7\u00e3o de alunos, oferecendo est\u00e1gio a estudantes de artes visuais da UFRR. Destaca-se o trabalho de articula\u00e7\u00e3o e fazeres coletivos comunit\u00e1rios desenvolvidos com o povo Xirixana, habitantes da Reserva Ind\u00edgena Yanomami, regi\u00e3o de floresta amaz\u00f4nica bem como diversas atividades com os povos ind\u00edgenas do lavrado e das montanhas.<\/p>\n<p style=\"text-align: justify;\">Esbell, prop\u00f5e o <em>Encontro de Todos os Povos<\/em>, que caminha para a quarta edi\u00e7\u00e3o. Habilidoso em redes sociais, utiliza-se de toda uma rede de apoio e solidariedade. Esbell marca no tempo sua passagem e toda a diversidade cultural local em contextos que extrapolam todas as fronteiras. Em 2016, recebe indica\u00e7\u00e3o ao <a href=\"http:\/\/www.premiopipa.com\/pag\/jaider-esbell\/\" target=\"_blank\">Pr\u00eamio PIPA<\/a>, o maior pr\u00eamio da arte contempor\u00e2nea Brasileira. Estaria assim de fato e de direito falando a l\u00edngua universal, a linguagem das artes. Sendo a arte o pr\u00f3prio objeto de vida, o artista desvincula-se de vez da Eletrobras e embarca nesta jornada que ele mesmo denomina <em>ITINER\u00c2NCIA RORAIMA \u2013 ARTE E VIDA, UMA JORNADA AO BRASIL DE CASA EM CASA<\/em>.<\/p>\n\n\t\t<style type=\"text\/css\">\n\t\t\t#gallery-1 {\n\t\t\t\tmargin: auto;\n\t\t\t}\n\t\t\t#gallery-1 .gallery-item {\n\t\t\t\tfloat: left;\n\t\t\t\tmargin-top: 10px;\n\t\t\t\ttext-align: center;\n\t\t\t\twidth: 33%;\n\t\t\t}\n\t\t\t#gallery-1 img {\n\t\t\t\tborder: 2px solid #cfcfcf;\n\t\t\t}\n\t\t\t#gallery-1 .gallery-caption {\n\t\t\t\tmargin-left: 0;\n\t\t\t}\n\t\t\t\/* see gallery_shortcode() in wp-includes\/media.php *\/\n\t\t<\/style>\n\t\t<div id='gallery-1' class='gallery galleryid-61 gallery-columns-3 gallery-size-thumbnail'><dl class='gallery-item'>\n\t\t\t<dt class='gallery-icon landscape'>\n\t\t\t\t<a class=\"boxersandswipers\" title=\"homenagem\" href='http:\/\/www.jaideresbell.com.br\/site\/wp-content\/uploads\/2016\/05\/homenagem.jpg'><img loading=\"lazy\" decoding=\"async\" width=\"150\" height=\"150\" src=\"http:\/\/www.jaideresbell.com.br\/site\/wp-content\/uploads\/2016\/05\/homenagem-150x150.jpg\" class=\"attachment-thumbnail size-thumbnail\" alt=\"\" aria-describedby=\"gallery-1-83\" \/><\/a>\n\t\t\t<\/dt>\n\t\t\t\t<dd class='wp-caption-text gallery-caption' id='gallery-1-83'>\n\t\t\t\txx\n\t\t\t\t<\/dd><\/dl><dl class='gallery-item'>\n\t\t\t<dt class='gallery-icon landscape'>\n\t\t\t\t<a class=\"boxersandswipers\" title=\"curuminzando\" href='http:\/\/www.jaideresbell.com.br\/site\/wp-content\/uploads\/2016\/05\/curuminzando.jpg'><img loading=\"lazy\" decoding=\"async\" width=\"150\" height=\"150\" src=\"http:\/\/www.jaideresbell.com.br\/site\/wp-content\/uploads\/2016\/05\/curuminzando-150x150.jpg\" class=\"attachment-thumbnail size-thumbnail\" alt=\"\" \/><\/a>\n\t\t\t<\/dt><\/dl><dl class='gallery-item'>\n\t\t\t<dt class='gallery-icon portrait'>\n\t\t\t\t<a class=\"boxersandswipers\" title=\"103\" href='http:\/\/www.jaideresbell.com.br\/site\/wp-content\/uploads\/2016\/05\/103.jpg'><img loading=\"lazy\" decoding=\"async\" width=\"150\" height=\"150\" src=\"http:\/\/www.jaideresbell.com.br\/site\/wp-content\/uploads\/2016\/05\/103-150x150.jpg\" class=\"attachment-thumbnail size-thumbnail\" alt=\"\" \/><\/a>\n\t\t\t<\/dt><\/dl><br style=\"clear: both\" \/><dl class='gallery-item'>\n\t\t\t<dt class='gallery-icon landscape'>\n\t\t\t\t<a class=\"boxersandswipers\" title=\"100\" href='http:\/\/www.jaideresbell.com.br\/site\/wp-content\/uploads\/2016\/05\/100.jpg'><img loading=\"lazy\" decoding=\"async\" width=\"150\" height=\"150\" src=\"http:\/\/www.jaideresbell.com.br\/site\/wp-content\/uploads\/2016\/05\/100-150x150.jpg\" class=\"attachment-thumbnail size-thumbnail\" alt=\"\" aria-describedby=\"gallery-1-76\" \/><\/a>\n\t\t\t<\/dt>\n\t\t\t\t<dd class='wp-caption-text gallery-caption' id='gallery-1-76'>\n\t\t\t\tzz\n\t\t\t\t<\/dd><\/dl>\n\t\t\t<br style='clear: both' \/>\n\t\t<\/div>\n\n\t<div class=\"quickshare-container\">\r\n\t<ul class=\"quickshare-genericons monochrome quickshare-effect-spin quickshare-effect-expand\">\r\n\t\t<li class=\"quickshare-share\">Compartilhe:<\/li> \r\n\t\t<li><a href=\"https:\/\/facebook.com\/sharer.php?u=http%3A%2F%2Fwww.jaideresbell.com.br%2Fsite%2Fsobre-o-artista%2F&amp;t=Sobre+o+Artista+<+JAIDER+ESBELL\" target=\"_blank\" title=\"Share on Facebook\"><span class=\"quickshare-facebook\">Facebook<\/span><\/a><\/li>\t\t<li><a href=\"https:\/\/twitter.com\/intent\/tweet?url=http%3A%2F%2Fwww.jaideresbell.com.br%2Fsite%2Fsobre-o-artista%2F&amp;text=Sobre+o+Artista+<+JAIDER+ESBELL\" target=\"_blank\" title=\"Share on Twitter\"><span class=\"quickshare-twitter\">Twitter<\/span><\/a><\/li>\t\t\t\t<li><a href=\"http:\/\/linkedin.com\/shareArticle?mini=true&amp;url=http%3A%2F%2Fwww.jaideresbell.com.br%2Fsite%2Fsobre-o-artista%2F&amp;title=Sobre+o+Artista&amp;source=JAIDER+ESBELL&amp;summary=+Jaider+Esbell+%E2%80%93+%2A+1979+Artista%2C+escritor+e+produtor+cultural+ind%C3%ADgena+da+etnia+Makuxi.+Nasceu+em+Normandia%2C+estado+de+Roraima%2C+e+viveu%2C+at%C3%A9+aos+18+anos%2C+onde%26hellip%3B\" title=\"Share on Linkedin\" target=\"_blank\"><span class=\"quickshare-linkedin\">Linkedin<\/span><\/a><\/li>\t\t<li><a href=\"https:\/\/plus.google.com\/share?url=http%3A%2F%2Fwww.jaideresbell.com.br%2Fsite%2Fsobre-o-artista%2F\" target=\"_blank\" title=\"Share on Google+\"><span class=\"quickshare-googleplus\">Google+<\/span><\/a><\/li>\t\t<li><a href=\"http:\/\/tumblr.com\/share\/link?url=http%3A%2F%2Fwww.jaideresbell.com.br%2Fsite%2Fsobre-o-artista%2F&amp;name=Sobre+o+Artista+<+JAIDER+ESBELL&amp;description=+Jaider+Esbell+%E2%80%93+%2A+1979+Artista%2C+escritor+e+produtor+cultural+ind%C3%ADgena+da+etnia+Makuxi.+Nasceu+em+Normandia%2C+estado+de+Roraima%2C+e+viveu%2C+at%C3%A9+aos+18+anos%2C+onde%26hellip%3B\" title=\"Share on Tumblr\" target=\"_blank\"><span class=\"quickshare-tumblr\">Tumblr<\/span><\/a><\/li>\t\t<li><a href=\"http:\/\/reddit.com\/submit?url=http%3A%2F%2Fwww.jaideresbell.com.br%2Fsite%2Fsobre-o-artista%2F&amp;title=Sobre+o+Artista+<+JAIDER+ESBELL\" title=\"Submit to Reddit\" target=\"_blank\"><span class=\"quickshare-reddit\">Reddit<\/span><\/a><\/li>\t\t<li><a href=\"http:\/\/stumbleupon.com\/submit?url=http%3A%2F%2Fwww.jaideresbell.com.br%2Fsite%2Fsobre-o-artista%2F&amp;title=Sobre+o+Artista+<+JAIDER+ESBELL\" target=\"_blank\" title=\"Share on StumbleUpon\"><span class=\"quickshare-stumbleupon\">Stumble Upon<\/span><\/a><\/li>\t\t\t<\/ul>\r\n\t<\/div>\r\n","protected":false},"excerpt":{"rendered":"<p>Jaider Esbell \u2013 * 1979 Artista, escritor e produtor cultural ind\u00edgena da etnia Makuxi. Nasceu em Normandia, estado de Roraima, e viveu, at\u00e9 aos 18 anos, onde hoje \u00e9 a Terra Ind\u00edgena Raposa &#8211; Serra do Sol (TI Raposa &#8211; Serra do Sol). Antes de ser artista, habilidade descoberta na inf\u00e2ncia, Esbell percorreu diversos caminhos, [&hellip;]<\/p>\n","protected":false},"author":1,"featured_media":0,"parent":0,"menu_order":0,"comment_status":"closed","ping_status":"closed","template":"","meta":{"sfsi_plus_gutenberg_text_before_share":"","sfsi_plus_gutenberg_show_text_before_share":"","sfsi_plus_gutenberg_icon_type":"","sfsi_plus_gutenberg_icon_alignemt":"","sfsi_plus_gutenburg_max_per_row":"","footnotes":""},"_links":{"self":[{"href":"http:\/\/www.jaideresbell.com.br\/site\/wp-json\/wp\/v2\/pages\/61"}],"collection":[{"href":"http:\/\/www.jaideresbell.com.br\/site\/wp-json\/wp\/v2\/pages"}],"about":[{"href":"http:\/\/www.jaideresbell.com.br\/site\/wp-json\/wp\/v2\/types\/page"}],"author":[{"embeddable":true,"href":"http:\/\/www.jaideresbell.com.br\/site\/wp-json\/wp\/v2\/users\/1"}],"replies":[{"embeddable":true,"href":"http:\/\/www.jaideresbell.com.br\/site\/wp-json\/wp\/v2\/comments?post=61"}],"version-history":[{"count":11,"href":"http:\/\/www.jaideresbell.com.br\/site\/wp-json\/wp\/v2\/pages\/61\/revisions"}],"predecessor-version":[{"id":137,"href":"http:\/\/www.jaideresbell.com.br\/site\/wp-json\/wp\/v2\/pages\/61\/revisions\/137"}],"wp:attachment":[{"href":"http:\/\/www.jaideresbell.com.br\/site\/wp-json\/wp\/v2\/media?parent=61"}],"curies":[{"name":"wp","href":"https:\/\/api.w.org\/{rel}","templated":true}]}}