{"id":98,"date":"2016-05-17T17:25:40","date_gmt":"2016-05-17T20:25:40","guid":{"rendered":"http:\/\/www.jaideresbell.com.br\/site\/?page_id=98"},"modified":"2016-05-17T17:34:40","modified_gmt":"2016-05-17T20:34:40","slug":"videos-03","status":"publish","type":"page","link":"http:\/\/www.jaideresbell.com.br\/site\/videos-03\/","title":{"rendered":"V\u00eddeos 03"},"content":{"rendered":"<p>Arte desde a raiz. Arte ind\u00edgena contempor\u00e2nea aplicada de forma integral, toda a comunidade, todo o contexto e adentrando ao obscuro das semi\u00f3ticas para despertar, tirar do centro de toda e qualquer raz\u00e3o. Sem medir poder, \u00e9 entrar no redemoinho e se deixar revirar. Para haver vida nova, novas raz\u00f5es.<\/p>\n<p><iframe loading=\"lazy\" width=\"500\" height=\"281\" src=\"https:\/\/www.youtube.com\/embed\/_NI7yNiyzlY?feature=oembed\" frameborder=\"0\" allowfullscreen><\/iframe><\/p>\n<p>&nbsp;<\/p>\n<hr \/>\n<p>Interven\u00e7\u00e3o art\u00edstica na Reserva Yanomami, territ\u00f3rio Xirixana comunidade Pewau. Rio Mucaja\u00ed que tem garimpos ilegais na cabeceira. Uso de merc\u00fario e da arte. postos opostos. O futuro imediato vir\u00e1.<\/p>\n<p><iframe loading=\"lazy\" width=\"500\" height=\"281\" src=\"https:\/\/www.youtube.com\/embed\/6iVQE7gQLZQ?feature=oembed\" frameborder=\"0\" allowfullscreen><\/iframe><\/p>\n<p>&nbsp;<\/p>\n<hr \/>\n<p>ARTE &#8211; \u00cdNDIO E FUTURO<\/p>\n<p><iframe loading=\"lazy\" width=\"500\" height=\"281\" src=\"https:\/\/www.youtube.com\/embed\/3TGZDc79xdY?feature=oembed\" frameborder=\"0\" allowfullscreen><\/iframe><\/p>\n\t<div class=\"quickshare-container\">\r\n\t<ul class=\"quickshare-genericons monochrome quickshare-effect-spin quickshare-effect-expand\">\r\n\t\t<li class=\"quickshare-share\">Compartilhe:<\/li> \r\n\t\t<li><a href=\"https:\/\/facebook.com\/sharer.php?u=http%3A%2F%2Fwww.jaideresbell.com.br%2Fsite%2Fvideos-03%2F&amp;t=V%C3%ADdeos+03+<+JAIDER+ESBELL\" target=\"_blank\" title=\"Share on Facebook\"><span class=\"quickshare-facebook\">Facebook<\/span><\/a><\/li>\t\t<li><a href=\"https:\/\/twitter.com\/intent\/tweet?url=http%3A%2F%2Fwww.jaideresbell.com.br%2Fsite%2Fvideos-03%2F&amp;text=V%C3%ADdeos+03+<+JAIDER+ESBELL\" target=\"_blank\" title=\"Share on Twitter\"><span class=\"quickshare-twitter\">Twitter<\/span><\/a><\/li>\t\t\t\t<li><a href=\"http:\/\/linkedin.com\/shareArticle?mini=true&amp;url=http%3A%2F%2Fwww.jaideresbell.com.br%2Fsite%2Fvideos-03%2F&amp;title=V%C3%ADdeos+03&amp;source=JAIDER+ESBELL&amp;summary=Arte+desde+a+raiz.+Arte+ind%C3%ADgena+contempor%C3%A2nea+aplicada+de+forma+integral%2C+toda+a+comunidade%2C+todo+o+contexto+e+adentrando+ao+obscuro+das+semi%C3%B3ticas+para+despertar%2C+tirar+do+centro+de+toda+e+qualquer+raz%C3%A3o.+Sem+medir+poder%2C+%C3%A9+entrar+no+redemoinho%26hellip%3B\" title=\"Share on Linkedin\" target=\"_blank\"><span class=\"quickshare-linkedin\">Linkedin<\/span><\/a><\/li>\t\t<li><a href=\"https:\/\/plus.google.com\/share?url=http%3A%2F%2Fwww.jaideresbell.com.br%2Fsite%2Fvideos-03%2F\" target=\"_blank\" title=\"Share on Google+\"><span class=\"quickshare-googleplus\">Google+<\/span><\/a><\/li>\t\t<li><a href=\"http:\/\/tumblr.com\/share\/link?url=http%3A%2F%2Fwww.jaideresbell.com.br%2Fsite%2Fvideos-03%2F&amp;name=V%C3%ADdeos+03+<+JAIDER+ESBELL&amp;description=Arte+desde+a+raiz.+Arte+ind%C3%ADgena+contempor%C3%A2nea+aplicada+de+forma+integral%2C+toda+a+comunidade%2C+todo+o+contexto+e+adentrando+ao+obscuro+das+semi%C3%B3ticas+para+despertar%2C+tirar+do+centro+de+toda+e+qualquer+raz%C3%A3o.+Sem+medir+poder%2C+%C3%A9+entrar+no+redemoinho%26hellip%3B\" title=\"Share on Tumblr\" target=\"_blank\"><span class=\"quickshare-tumblr\">Tumblr<\/span><\/a><\/li>\t\t<li><a href=\"http:\/\/reddit.com\/submit?url=http%3A%2F%2Fwww.jaideresbell.com.br%2Fsite%2Fvideos-03%2F&amp;title=V%C3%ADdeos+03+<+JAIDER+ESBELL\" title=\"Submit to Reddit\" target=\"_blank\"><span class=\"quickshare-reddit\">Reddit<\/span><\/a><\/li>\t\t<li><a href=\"http:\/\/stumbleupon.com\/submit?url=http%3A%2F%2Fwww.jaideresbell.com.br%2Fsite%2Fvideos-03%2F&amp;title=V%C3%ADdeos+03+<+JAIDER+ESBELL\" target=\"_blank\" title=\"Share on StumbleUpon\"><span class=\"quickshare-stumbleupon\">Stumble Upon<\/span><\/a><\/li>\t\t\t<\/ul>\r\n\t<\/div>\r\n","protected":false},"excerpt":{"rendered":"<p>Arte desde a raiz. Arte ind\u00edgena contempor\u00e2nea aplicada de forma integral, toda a comunidade, todo o contexto e adentrando ao obscuro das semi\u00f3ticas para despertar, tirar do centro de toda e qualquer raz\u00e3o. Sem medir poder, \u00e9 entrar no redemoinho e se deixar revirar. Para haver vida nova, novas raz\u00f5es. &nbsp; Interven\u00e7\u00e3o art\u00edstica na Reserva [&hellip;]<\/p>\n","protected":false},"author":1,"featured_media":0,"parent":0,"menu_order":0,"comment_status":"closed","ping_status":"closed","template":"","meta":{"sfsi_plus_gutenberg_text_before_share":"","sfsi_plus_gutenberg_show_text_before_share":"","sfsi_plus_gutenberg_icon_type":"","sfsi_plus_gutenberg_icon_alignemt":"","sfsi_plus_gutenburg_max_per_row":"","footnotes":""},"_links":{"self":[{"href":"http:\/\/www.jaideresbell.com.br\/site\/wp-json\/wp\/v2\/pages\/98"}],"collection":[{"href":"http:\/\/www.jaideresbell.com.br\/site\/wp-json\/wp\/v2\/pages"}],"about":[{"href":"http:\/\/www.jaideresbell.com.br\/site\/wp-json\/wp\/v2\/types\/page"}],"author":[{"embeddable":true,"href":"http:\/\/www.jaideresbell.com.br\/site\/wp-json\/wp\/v2\/users\/1"}],"replies":[{"embeddable":true,"href":"http:\/\/www.jaideresbell.com.br\/site\/wp-json\/wp\/v2\/comments?post=98"}],"version-history":[{"count":2,"href":"http:\/\/www.jaideresbell.com.br\/site\/wp-json\/wp\/v2\/pages\/98\/revisions"}],"predecessor-version":[{"id":106,"href":"http:\/\/www.jaideresbell.com.br\/site\/wp-json\/wp\/v2\/pages\/98\/revisions\/106"}],"wp:attachment":[{"href":"http:\/\/www.jaideresbell.com.br\/site\/wp-json\/wp\/v2\/media?parent=98"}],"curies":[{"name":"wp","href":"https:\/\/api.w.org\/{rel}","templated":true}]}}